{"id":749,"date":"2020-10-28T08:10:55","date_gmt":"2020-10-28T08:10:55","guid":{"rendered":"https:\/\/mueblesaguero.com.ar\/?page_id=749"},"modified":"2021-11-04T18:41:16","modified_gmt":"2021-11-04T18:41:16","slug":"empresa","status":"publish","type":"page","link":"https:\/\/mueblesaguero.com.ar\/?page_id=749","title":{"rendered":"Empresa"},"content":{"rendered":"\t\t<div data-elementor-type=\"wp-page\" data-elementor-id=\"749\" class=\"elementor elementor-749\">\n\t\t\t\t\t\t\t\t\t<section class=\"elementor-section elementor-top-section elementor-element elementor-element-43fa3acf elementor-section-content-middle elementor-section-boxed elementor-section-height-default elementor-section-height-default wpr-particle-no wpr-jarallax-no wpr-parallax-no wpr-sticky-section-no\" data-id=\"43fa3acf\" data-element_type=\"section\" data-settings=\"{&quot;background_background&quot;:&quot;classic&quot;}\">\n\t\t\t\t\t\t<div class=\"elementor-container elementor-column-gap-no\">\n\t\t\t\t\t<div class=\"elementor-column elementor-col-100 elementor-top-column elementor-element elementor-element-2324be64\" data-id=\"2324be64\" data-element_type=\"column\">\n\t\t\t<div class=\"elementor-widget-wrap elementor-element-populated\">\n\t\t\t\t\t\t\t\t<div class=\"elementor-element elementor-element-44188ed0 elementor-widget elementor-widget-heading\" data-id=\"44188ed0\" data-element_type=\"widget\" data-widget_type=\"heading.default\">\n\t\t\t\t<div class=\"elementor-widget-container\">\n\t\t\t<style>\/*! elementor - v3.7.7 - 20-09-2022 *\/\n.elementor-heading-title{padding:0;margin:0;line-height:1}.elementor-widget-heading .elementor-heading-title[class*=elementor-size-]>a{color:inherit;font-size:inherit;line-height:inherit}.elementor-widget-heading .elementor-heading-title.elementor-size-small{font-size:15px}.elementor-widget-heading .elementor-heading-title.elementor-size-medium{font-size:19px}.elementor-widget-heading .elementor-heading-title.elementor-size-large{font-size:29px}.elementor-widget-heading .elementor-heading-title.elementor-size-xl{font-size:39px}.elementor-widget-heading .elementor-heading-title.elementor-size-xxl{font-size:59px}<\/style><h3 class=\"elementor-heading-title elementor-size-default\">Nuestra Historia<\/h3>\t\t<\/div>\n\t\t\t\t<\/div>\n\t\t\t\t\t<\/div>\n\t\t<\/div>\n\t\t\t\t\t\t\t<\/div>\n\t\t<\/section>\n\t\t\t\t<section class=\"elementor-section elementor-top-section elementor-element elementor-element-139fb72 elementor-section-boxed elementor-section-height-default elementor-section-height-default wpr-particle-no wpr-jarallax-no wpr-parallax-no wpr-sticky-section-no\" data-id=\"139fb72\" data-element_type=\"section\">\n\t\t\t\t\t\t<div class=\"elementor-container elementor-column-gap-default\">\n\t\t\t\t\t<div class=\"elementor-column elementor-col-100 elementor-top-column elementor-element elementor-element-c22f9ca\" data-id=\"c22f9ca\" data-element_type=\"column\">\n\t\t\t<div class=\"elementor-widget-wrap elementor-element-populated\">\n\t\t\t\t\t\t\t\t<div class=\"elementor-element elementor-element-dc3d261 elementor-widget elementor-widget-text-editor\" data-id=\"dc3d261\" data-element_type=\"widget\" data-widget_type=\"text-editor.default\">\n\t\t\t\t<div class=\"elementor-widget-container\">\n\t\t\t<style>\/*! elementor - v3.7.7 - 20-09-2022 *\/\n.elementor-widget-text-editor.elementor-drop-cap-view-stacked .elementor-drop-cap{background-color:#818a91;color:#fff}.elementor-widget-text-editor.elementor-drop-cap-view-framed .elementor-drop-cap{color:#818a91;border:3px solid;background-color:transparent}.elementor-widget-text-editor:not(.elementor-drop-cap-view-default) .elementor-drop-cap{margin-top:8px}.elementor-widget-text-editor:not(.elementor-drop-cap-view-default) .elementor-drop-cap-letter{width:1em;height:1em}.elementor-widget-text-editor .elementor-drop-cap{float:left;text-align:center;line-height:1;font-size:50px}.elementor-widget-text-editor .elementor-drop-cap-letter{display:inline-block}<\/style>\t\t\t\t<p><span style=\"color: #000000; font-family: Calibri, Helvetica, sans-serif; font-size: 16px;\">NUESTRA EMPRESA FUNDADA EN 1983 POR <strong>DANIEL AG\u00dcERO<\/strong> EN UN MODESTO GALPON ATRAS DE SU CASA UBICADA EN LAS HERAS, MENDOZA, FABRICANDO MUEBLES EN FORMA CASI ARTESANAL, DESDE ENTONCES Y MUCHOS A\u00d1OS EVOLUCIONO CON UN SOSTENIDO PROCESO DE CRECIMIENTO, SIEMPRE TECNIFICANDOSE Y BUSCANDO LA CALIDAD PARA SUS MUEBLES , ACTUALMENTE EN UN GALPON DE\u00a0 1500M2 JUNTO A NUESTRO EQUIPO TRABAJAMOS DIA A DIA PARA OFRECER DISE\u00d1OS ACTUALES Y TOTALMENTE FUNCIONALES.<\/span><\/p>\t\t\t\t\t\t<\/div>\n\t\t\t\t<\/div>\n\t\t\t\t\t<\/div>\n\t\t<\/div>\n\t\t\t\t\t\t\t<\/div>\n\t\t<\/section>\n\t\t\t\t<section class=\"elementor-section elementor-top-section elementor-element elementor-element-4cf06b7 animated-slow elementor-section-boxed elementor-section-height-default elementor-section-height-default wpr-particle-no wpr-jarallax-no wpr-parallax-no wpr-sticky-section-no elementor-invisible\" data-id=\"4cf06b7\" data-element_type=\"section\" data-settings=\"{&quot;animation&quot;:&quot;swing&quot;}\">\n\t\t\t\t\t\t<div class=\"elementor-container elementor-column-gap-default\">\n\t\t\t\t\t<div class=\"elementor-column elementor-col-100 elementor-top-column elementor-element elementor-element-25c17d3\" data-id=\"25c17d3\" data-element_type=\"column\">\n\t\t\t<div class=\"elementor-widget-wrap elementor-element-populated\">\n\t\t\t\t\t\t\t\t<div class=\"elementor-element elementor-element-3508d0b elementor-arrows-position-inside elementor-pagination-position-outside elementor-widget elementor-widget-image-carousel\" data-id=\"3508d0b\" data-element_type=\"widget\" data-settings=\"{&quot;navigation&quot;:&quot;both&quot;,&quot;autoplay&quot;:&quot;yes&quot;,&quot;pause_on_hover&quot;:&quot;yes&quot;,&quot;pause_on_interaction&quot;:&quot;yes&quot;,&quot;autoplay_speed&quot;:5000,&quot;infinite&quot;:&quot;yes&quot;,&quot;speed&quot;:500}\" data-widget_type=\"image-carousel.default\">\n\t\t\t\t<div class=\"elementor-widget-container\">\n\t\t\t<style>\/*! elementor - v3.7.7 - 20-09-2022 *\/\n.elementor-widget-image-carousel .swiper-container{position:static}.elementor-widget-image-carousel .swiper-container .swiper-slide figure{line-height:inherit}.elementor-widget-image-carousel .swiper-slide{text-align:center}.elementor-image-carousel-wrapper:not(.swiper-container-initialized) .swiper-slide{max-width:calc(100% \/ var(--e-image-carousel-slides-to-show, 3))}<\/style>\t\t<div class=\"elementor-image-carousel-wrapper swiper-container\" dir=\"ltr\">\n\t\t\t<div class=\"elementor-image-carousel swiper-wrapper\">\n\t\t\t\t\t\t\t\t<div class=\"swiper-slide\"><figure class=\"swiper-slide-inner\"><img decoding=\"async\" class=\"swiper-slide-image\" src=\"https:\/\/i0.wp.com\/mueblesaguero.com.ar\/wp-content\/uploads\/2021\/10\/PegadoraCanto.jpg?fit=768%2C576&amp;ssl=1\" alt=\"jhjhgj\" \/><\/figure><\/div><div class=\"swiper-slide\"><figure class=\"swiper-slide-inner\"><img decoding=\"async\" class=\"swiper-slide-image\" src=\"https:\/\/i0.wp.com\/mueblesaguero.com.ar\/wp-content\/uploads\/2021\/10\/Perforadora.jpg?fit=768%2C576&amp;ssl=1\" alt=\"giuhgiu\" \/><\/figure><\/div><div class=\"swiper-slide\"><figure class=\"swiper-slide-inner\"><img decoding=\"async\" class=\"swiper-slide-image\" src=\"https:\/\/i0.wp.com\/mueblesaguero.com.ar\/wp-content\/uploads\/2021\/10\/Seccionadora.jpg?fit=768%2C576&amp;ssl=1\" alt=\"uhhi\" \/><\/figure><\/div>\t\t\t<\/div>\n\t\t\t\t\t\t\t\t\t\t\t\t<div class=\"swiper-pagination\"><\/div>\n\t\t\t\t\t\t\t\t\t\t\t\t\t<div class=\"elementor-swiper-button elementor-swiper-button-prev\">\n\t\t\t\t\t\t<i aria-hidden=\"true\" class=\"eicon-chevron-left\"><\/i>\t\t\t\t\t\t<span class=\"elementor-screen-only\">Anterior<\/span>\n\t\t\t\t\t<\/div>\n\t\t\t\t\t<div class=\"elementor-swiper-button elementor-swiper-button-next\">\n\t\t\t\t\t\t<i aria-hidden=\"true\" class=\"eicon-chevron-right\"><\/i>\t\t\t\t\t\t<span class=\"elementor-screen-only\">Siguiente<\/span>\n\t\t\t\t\t<\/div>\n\t\t\t\t\t\t\t\t\t<\/div>\n\t\t\t\t<\/div>\n\t\t\t\t<\/div>\n\t\t\t\t\t<\/div>\n\t\t<\/div>\n\t\t\t\t\t\t\t<\/div>\n\t\t<\/section>\n\t\t\t\t<section class=\"elementor-section elementor-top-section elementor-element elementor-element-d8502fb animated-slow elementor-section-boxed elementor-section-height-default elementor-section-height-default wpr-particle-no wpr-jarallax-no wpr-parallax-no wpr-sticky-section-no elementor-invisible\" data-id=\"d8502fb\" data-element_type=\"section\" data-settings=\"{&quot;animation&quot;:&quot;swing&quot;}\">\n\t\t\t\t\t\t<div class=\"elementor-container elementor-column-gap-default\">\n\t\t\t\t\t<div class=\"elementor-column elementor-col-100 elementor-top-column elementor-element elementor-element-ce2412b\" data-id=\"ce2412b\" data-element_type=\"column\">\n\t\t\t<div class=\"elementor-widget-wrap elementor-element-populated\">\n\t\t\t\t\t\t\t\t<div class=\"elementor-element elementor-element-71f2a4c elementor-widget elementor-widget-heading\" data-id=\"71f2a4c\" data-element_type=\"widget\" data-widget_type=\"heading.default\">\n\t\t\t\t<div class=\"elementor-widget-container\">\n\t\t\t<h2 class=\"elementor-heading-title elementor-size-default\">DISE\u00d1OS A MEDIDA<\/h2>\t\t<\/div>\n\t\t\t\t<\/div>\n\t\t\t\t\t<\/div>\n\t\t<\/div>\n\t\t\t\t\t\t\t<\/div>\n\t\t<\/section>\n\t\t\t\t<section class=\"elementor-section elementor-top-section elementor-element elementor-element-2d616b2 animated-slow elementor-section-boxed elementor-section-height-default elementor-section-height-default wpr-particle-no wpr-jarallax-no wpr-parallax-no wpr-sticky-section-no elementor-invisible\" data-id=\"2d616b2\" data-element_type=\"section\" data-settings=\"{&quot;animation&quot;:&quot;swing&quot;}\">\n\t\t\t\t\t\t<div class=\"elementor-container elementor-column-gap-default\">\n\t\t\t\t\t<div class=\"elementor-column elementor-col-100 elementor-top-column elementor-element elementor-element-09e22e2\" data-id=\"09e22e2\" data-element_type=\"column\">\n\t\t\t<div class=\"elementor-widget-wrap elementor-element-populated\">\n\t\t\t\t\t\t\t\t<div class=\"elementor-element elementor-element-0a62626 elementor-arrows-position-inside elementor-pagination-position-outside elementor-widget elementor-widget-image-carousel\" data-id=\"0a62626\" data-element_type=\"widget\" data-settings=\"{&quot;slides_to_show&quot;:&quot;1&quot;,&quot;navigation&quot;:&quot;both&quot;,&quot;autoplay&quot;:&quot;yes&quot;,&quot;pause_on_hover&quot;:&quot;yes&quot;,&quot;pause_on_interaction&quot;:&quot;yes&quot;,&quot;autoplay_speed&quot;:5000,&quot;infinite&quot;:&quot;yes&quot;,&quot;effect&quot;:&quot;slide&quot;,&quot;speed&quot;:500}\" data-widget_type=\"image-carousel.default\">\n\t\t\t\t<div class=\"elementor-widget-container\">\n\t\t\t\t\t<div class=\"elementor-image-carousel-wrapper swiper-container\" dir=\"ltr\">\n\t\t\t<div class=\"elementor-image-carousel swiper-wrapper\">\n\t\t\t\t\t\t\t\t<div class=\"swiper-slide\"><figure class=\"swiper-slide-inner\"><img decoding=\"async\" class=\"swiper-slide-image\" src=\"https:\/\/i0.wp.com\/mueblesaguero.com.ar\/wp-content\/uploads\/2021\/10\/MueblesEspeciales1.jpg?fit=768%2C576&amp;ssl=1\" alt=\"MueblesEspeciales1\" \/><\/figure><\/div><div class=\"swiper-slide\"><figure class=\"swiper-slide-inner\"><img decoding=\"async\" class=\"swiper-slide-image\" src=\"https:\/\/i0.wp.com\/mueblesaguero.com.ar\/wp-content\/uploads\/2021\/10\/MueblesEspeciales2.jpg?fit=768%2C1024&amp;ssl=1\" alt=\"hbkjhjhgkjhk\" \/><\/figure><\/div>\t\t\t<\/div>\n\t\t\t\t\t\t\t\t\t\t\t\t<div class=\"swiper-pagination\"><\/div>\n\t\t\t\t\t\t\t\t\t\t\t\t\t<div class=\"elementor-swiper-button elementor-swiper-button-prev\">\n\t\t\t\t\t\t<i aria-hidden=\"true\" class=\"eicon-chevron-left\"><\/i>\t\t\t\t\t\t<span class=\"elementor-screen-only\">Anterior<\/span>\n\t\t\t\t\t<\/div>\n\t\t\t\t\t<div class=\"elementor-swiper-button elementor-swiper-button-next\">\n\t\t\t\t\t\t<i aria-hidden=\"true\" class=\"eicon-chevron-right\"><\/i>\t\t\t\t\t\t<span class=\"elementor-screen-only\">Siguiente<\/span>\n\t\t\t\t\t<\/div>\n\t\t\t\t\t\t\t\t\t<\/div>\n\t\t\t\t<\/div>\n\t\t\t\t<\/div>\n\t\t\t\t\t<\/div>\n\t\t<\/div>\n\t\t\t\t\t\t\t<\/div>\n\t\t<\/section>\n\t\t\t\t\t\t\t<\/div>\n\t\t","protected":false},"excerpt":{"rendered":"<p>Nuestra Historia NUESTRA EMPRESA FUNDADA EN 1983 POR DANIEL AG\u00dcERO EN UN MODESTO GALPON ATRAS DE SU CASA UBICADA EN LAS HERAS, MENDOZA, FABRICANDO MUEBLES EN FORMA CASI ARTESANAL, DESDE ENTONCES Y MUCHOS A\u00d1OS EVOLUCIONO CON UN SOSTENIDO PROCESO DE CRECIMIENTO, SIEMPRE TECNIFICANDOSE Y BUSCANDO LA CALIDAD PARA SUS MUEBLES , ACTUALMENTE EN UN GALPON DE\u00a0 1500M2 JUNTO A NUESTRO EQUIPO TRABAJAMOS DIA A DIA PARA OFRECER DISE\u00d1OS ACTUALES Y TOTALMENTE FUNCIONALES. Anterior Siguiente DISE\u00d1OS A MEDIDA Anterior Siguiente<\/p>\n","protected":false},"author":2,"featured_media":0,"parent":0,"menu_order":0,"comment_status":"closed","ping_status":"closed","template":"elementor_header_footer","meta":{"footnotes":""},"class_list":["post-749","page","type-page","status-publish","hentry"],"yoast_head":"<!-- This site is optimized with the Yoast SEO plugin v19.7.1 - https:\/\/yoast.com\/wordpress\/plugins\/seo\/ -->\n<title>Empresa - Muebles Ag\u00fcero<\/title>\n<meta name=\"robots\" content=\"index, follow, max-snippet:-1, max-image-preview:large, max-video-preview:-1\" \/>\n<link rel=\"canonical\" href=\"https:\/\/mueblesaguero.com.ar\/?page_id=749\" \/>\n<meta property=\"og:locale\" content=\"es_ES\" \/>\n<meta property=\"og:type\" content=\"article\" \/>\n<meta property=\"og:title\" content=\"Empresa - Muebles Ag\u00fcero\" \/>\n<meta property=\"og:description\" content=\"Nuestra Historia NUESTRA EMPRESA FUNDADA EN 1983 POR DANIEL AG\u00dcERO EN UN MODESTO GALPON ATRAS DE SU CASA UBICADA EN LAS HERAS, MENDOZA, FABRICANDO MUEBLES EN FORMA CASI ARTESANAL, DESDE ENTONCES Y MUCHOS A\u00d1OS EVOLUCIONO CON UN SOSTENIDO PROCESO DE CRECIMIENTO, SIEMPRE TECNIFICANDOSE Y BUSCANDO LA CALIDAD PARA SUS MUEBLES , ACTUALMENTE EN UN GALPON DE\u00a0 1500M2 JUNTO A NUESTRO EQUIPO TRABAJAMOS DIA A DIA PARA OFRECER DISE\u00d1OS ACTUALES Y TOTALMENTE FUNCIONALES. Anterior Siguiente DISE\u00d1OS A MEDIDA Anterior Siguiente\" \/>\n<meta property=\"og:url\" content=\"https:\/\/mueblesaguero.com.ar\/?page_id=749\" \/>\n<meta property=\"og:site_name\" content=\"Muebles Ag\u00fcero\" \/>\n<meta property=\"article:modified_time\" content=\"2021-11-04T18:41:16+00:00\" \/>\n<meta property=\"og:image\" content=\"https:\/\/mueblesaguero.com.ar\/wp-content\/uploads\/2021\/10\/PegadoraCanto-768x576.jpg\" \/>\n<meta name=\"twitter:card\" content=\"summary_large_image\" \/>\n<meta name=\"twitter:label1\" content=\"Tiempo de lectura\" \/>\n\t<meta name=\"twitter:data1\" content=\"3 minutos\" \/>\n<script type=\"application\/ld+json\" class=\"yoast-schema-graph\">{\"@context\":\"https:\/\/schema.org\",\"@graph\":[{\"@type\":\"WebPage\",\"@id\":\"https:\/\/mueblesaguero.com.ar\/?page_id=749\",\"url\":\"https:\/\/mueblesaguero.com.ar\/?page_id=749\",\"name\":\"Empresa - Muebles Ag\u00fcero\",\"isPartOf\":{\"@id\":\"https:\/\/mueblesaguero.com.ar\/#website\"},\"datePublished\":\"2020-10-28T08:10:55+00:00\",\"dateModified\":\"2021-11-04T18:41:16+00:00\",\"breadcrumb\":{\"@id\":\"https:\/\/mueblesaguero.com.ar\/?page_id=749#breadcrumb\"},\"inLanguage\":\"es-AR\",\"potentialAction\":[{\"@type\":\"ReadAction\",\"target\":[\"https:\/\/mueblesaguero.com.ar\/?page_id=749\"]}]},{\"@type\":\"BreadcrumbList\",\"@id\":\"https:\/\/mueblesaguero.com.ar\/?page_id=749#breadcrumb\",\"itemListElement\":[{\"@type\":\"ListItem\",\"position\":1,\"name\":\"Inicio\",\"item\":\"https:\/\/mueblesaguero.com.ar\/\"},{\"@type\":\"ListItem\",\"position\":2,\"name\":\"Empresa\"}]},{\"@type\":\"WebSite\",\"@id\":\"https:\/\/mueblesaguero.com.ar\/#website\",\"url\":\"https:\/\/mueblesaguero.com.ar\/\",\"name\":\"Muebles Ag\u00fcero\",\"description\":\"La elecci\u00f3n para tu hogar\",\"potentialAction\":[{\"@type\":\"SearchAction\",\"target\":{\"@type\":\"EntryPoint\",\"urlTemplate\":\"https:\/\/mueblesaguero.com.ar\/?s={search_term_string}\"},\"query-input\":\"required name=search_term_string\"}],\"inLanguage\":\"es-AR\"}]}<\/script>\n<!-- \/ Yoast SEO plugin. -->","yoast_head_json":{"title":"Empresa - Muebles Ag\u00fcero","robots":{"index":"index","follow":"follow","max-snippet":"max-snippet:-1","max-image-preview":"max-image-preview:large","max-video-preview":"max-video-preview:-1"},"canonical":"https:\/\/mueblesaguero.com.ar\/?page_id=749","og_locale":"es_ES","og_type":"article","og_title":"Empresa - Muebles Ag\u00fcero","og_description":"Nuestra Historia NUESTRA EMPRESA FUNDADA EN 1983 POR DANIEL AG\u00dcERO EN UN MODESTO GALPON ATRAS DE SU CASA UBICADA EN LAS HERAS, MENDOZA, FABRICANDO MUEBLES EN FORMA CASI ARTESANAL, DESDE ENTONCES Y MUCHOS A\u00d1OS EVOLUCIONO CON UN SOSTENIDO PROCESO DE CRECIMIENTO, SIEMPRE TECNIFICANDOSE Y BUSCANDO LA CALIDAD PARA SUS MUEBLES , ACTUALMENTE EN UN GALPON DE\u00a0 1500M2 JUNTO A NUESTRO EQUIPO TRABAJAMOS DIA A DIA PARA OFRECER DISE\u00d1OS ACTUALES Y TOTALMENTE FUNCIONALES. Anterior Siguiente DISE\u00d1OS A MEDIDA Anterior Siguiente","og_url":"https:\/\/mueblesaguero.com.ar\/?page_id=749","og_site_name":"Muebles Ag\u00fcero","article_modified_time":"2021-11-04T18:41:16+00:00","og_image":[{"url":"https:\/\/mueblesaguero.com.ar\/wp-content\/uploads\/2021\/10\/PegadoraCanto-768x576.jpg"}],"twitter_card":"summary_large_image","twitter_misc":{"Tiempo de lectura":"3 minutos"},"schema":{"@context":"https:\/\/schema.org","@graph":[{"@type":"WebPage","@id":"https:\/\/mueblesaguero.com.ar\/?page_id=749","url":"https:\/\/mueblesaguero.com.ar\/?page_id=749","name":"Empresa - Muebles Ag\u00fcero","isPartOf":{"@id":"https:\/\/mueblesaguero.com.ar\/#website"},"datePublished":"2020-10-28T08:10:55+00:00","dateModified":"2021-11-04T18:41:16+00:00","breadcrumb":{"@id":"https:\/\/mueblesaguero.com.ar\/?page_id=749#breadcrumb"},"inLanguage":"es-AR","potentialAction":[{"@type":"ReadAction","target":["https:\/\/mueblesaguero.com.ar\/?page_id=749"]}]},{"@type":"BreadcrumbList","@id":"https:\/\/mueblesaguero.com.ar\/?page_id=749#breadcrumb","itemListElement":[{"@type":"ListItem","position":1,"name":"Inicio","item":"https:\/\/mueblesaguero.com.ar\/"},{"@type":"ListItem","position":2,"name":"Empresa"}]},{"@type":"WebSite","@id":"https:\/\/mueblesaguero.com.ar\/#website","url":"https:\/\/mueblesaguero.com.ar\/","name":"Muebles Ag\u00fcero","description":"La elecci\u00f3n para tu hogar","potentialAction":[{"@type":"SearchAction","target":{"@type":"EntryPoint","urlTemplate":"https:\/\/mueblesaguero.com.ar\/?s={search_term_string}"},"query-input":"required name=search_term_string"}],"inLanguage":"es-AR"}]}},"jetpack-related-posts":[{"id":745,"url":"https:\/\/mueblesaguero.com.ar\/?page_id=745","url_meta":{"origin":749,"position":0},"title":"Misi\u00f3n","date":"octubre 28, 2020","format":false,"excerpt":"Misi\u00f3n SEGUIR INOVANDO EN CUANTO A COLORES,MATERIAL, DISE\u00d1OS, CUIDAR NUESTROS CLIENTES OFRECIENDOLES CALIDAD Y SERVICIOS, OPTIMIZAR NUESTRO RECURSOS, FOMENTAR ALIANZAS ESTRATEGICAS CON NUESTROS PROVEEDORES Y CLIENTES EN BENEFIFICIO DEL CONSUMIDOR Y SOBRE TODO MEJORAR CADA DIA. Muebles Ag\u00fcero","rel":"","context":"Entrada similar ","img":{"alt_text":"","src":"https:\/\/i0.wp.com\/mueblesaguero.com.ar\/wp-content\/uploads\/2021\/10\/cropped-logoEmpresa.jpg?resize=350%2C200&ssl=1","width":350,"height":200},"classes":[]}],"_links":{"self":[{"href":"https:\/\/mueblesaguero.com.ar\/index.php?rest_route=\/wp\/v2\/pages\/749","targetHints":{"allow":["GET"]}}],"collection":[{"href":"https:\/\/mueblesaguero.com.ar\/index.php?rest_route=\/wp\/v2\/pages"}],"about":[{"href":"https:\/\/mueblesaguero.com.ar\/index.php?rest_route=\/wp\/v2\/types\/page"}],"author":[{"embeddable":true,"href":"https:\/\/mueblesaguero.com.ar\/index.php?rest_route=\/wp\/v2\/users\/2"}],"replies":[{"embeddable":true,"href":"https:\/\/mueblesaguero.com.ar\/index.php?rest_route=%2Fwp%2Fv2%2Fcomments&post=749"}],"version-history":[{"count":15,"href":"https:\/\/mueblesaguero.com.ar\/index.php?rest_route=\/wp\/v2\/pages\/749\/revisions"}],"predecessor-version":[{"id":1112,"href":"https:\/\/mueblesaguero.com.ar\/index.php?rest_route=\/wp\/v2\/pages\/749\/revisions\/1112"}],"wp:attachment":[{"href":"https:\/\/mueblesaguero.com.ar\/index.php?rest_route=%2Fwp%2Fv2%2Fmedia&parent=749"}],"curies":[{"name":"wp","href":"https:\/\/api.w.org\/{rel}","templated":true}]}}