{"id":745,"date":"2020-10-28T08:10:14","date_gmt":"2020-10-28T08:10:14","guid":{"rendered":"https:\/\/mueblesaguero.com.ar\/?page_id=745"},"modified":"2021-10-22T18:39:06","modified_gmt":"2021-10-22T18:39:06","slug":"mision","status":"publish","type":"page","link":"https:\/\/mueblesaguero.com.ar\/?page_id=745","title":{"rendered":"Misi\u00f3n"},"content":{"rendered":"\t\t<div data-elementor-type=\"wp-page\" data-elementor-id=\"745\" class=\"elementor elementor-745\">\n\t\t\t\t\t\t\t\t\t<section class=\"elementor-section elementor-top-section elementor-element elementor-element-9108e14 elementor-section-boxed elementor-section-height-default elementor-section-height-default wpr-particle-no wpr-jarallax-no wpr-parallax-no wpr-sticky-section-no\" data-id=\"9108e14\" data-element_type=\"section\">\n\t\t\t\t\t\t<div class=\"elementor-container elementor-column-gap-default\">\n\t\t\t\t\t<div class=\"elementor-column elementor-col-100 elementor-top-column elementor-element elementor-element-3cebfa8a\" data-id=\"3cebfa8a\" data-element_type=\"column\">\n\t\t\t<div class=\"elementor-widget-wrap elementor-element-populated\">\n\t\t\t\t\t\t\t\t<div class=\"elementor-element elementor-element-1b0751f5 elementor-widget elementor-widget-spacer\" data-id=\"1b0751f5\" data-element_type=\"widget\" data-widget_type=\"spacer.default\">\n\t\t\t\t<div class=\"elementor-widget-container\">\n\t\t\t<style>\/*! elementor - v3.7.7 - 20-09-2022 *\/\n.elementor-column .elementor-spacer-inner{height:var(--spacer-size)}.e-container{--container-widget-width:100%}.e-container>.elementor-widget-spacer{width:var(--container-widget-width,var(--spacer-size));-ms-flex-item-align:stretch;align-self:stretch;-ms-flex-negative:0;flex-shrink:0}.e-container>.elementor-widget-spacer>.elementor-widget-container,.e-container>.elementor-widget-spacer>.elementor-widget-container>.elementor-spacer{height:100%}.e-container>.elementor-widget-spacer>.elementor-widget-container>.elementor-spacer>.elementor-spacer-inner{height:var(--container-widget-height,var(--spacer-size))}<\/style>\t\t<div class=\"elementor-spacer\">\n\t\t\t<div class=\"elementor-spacer-inner\"><\/div>\n\t\t<\/div>\n\t\t\t\t<\/div>\n\t\t\t\t<\/div>\n\t\t\t\t\t<\/div>\n\t\t<\/div>\n\t\t\t\t\t\t\t<\/div>\n\t\t<\/section>\n\t\t\t\t<section class=\"elementor-section elementor-top-section elementor-element elementor-element-3e972fb2 elementor-section-content-middle elementor-section-boxed elementor-section-height-default elementor-section-height-default wpr-particle-no wpr-jarallax-no wpr-parallax-no wpr-sticky-section-no\" data-id=\"3e972fb2\" data-element_type=\"section\" data-settings=\"{&quot;background_background&quot;:&quot;classic&quot;}\">\n\t\t\t\t\t\t<div class=\"elementor-container elementor-column-gap-no\">\n\t\t\t\t\t<div class=\"elementor-column elementor-col-100 elementor-top-column elementor-element elementor-element-5e4f7785\" data-id=\"5e4f7785\" data-element_type=\"column\">\n\t\t\t<div class=\"elementor-widget-wrap elementor-element-populated\">\n\t\t\t\t\t\t\t\t<div class=\"elementor-element elementor-element-6d1e36f elementor-widget elementor-widget-heading\" data-id=\"6d1e36f\" data-element_type=\"widget\" data-widget_type=\"heading.default\">\n\t\t\t\t<div class=\"elementor-widget-container\">\n\t\t\t<style>\/*! elementor - v3.7.7 - 20-09-2022 *\/\n.elementor-heading-title{padding:0;margin:0;line-height:1}.elementor-widget-heading .elementor-heading-title[class*=elementor-size-]>a{color:inherit;font-size:inherit;line-height:inherit}.elementor-widget-heading .elementor-heading-title.elementor-size-small{font-size:15px}.elementor-widget-heading .elementor-heading-title.elementor-size-medium{font-size:19px}.elementor-widget-heading .elementor-heading-title.elementor-size-large{font-size:29px}.elementor-widget-heading .elementor-heading-title.elementor-size-xl{font-size:39px}.elementor-widget-heading .elementor-heading-title.elementor-size-xxl{font-size:59px}<\/style><h3 class=\"elementor-heading-title elementor-size-default\">Misi\u00f3n<\/h3>\t\t<\/div>\n\t\t\t\t<\/div>\n\t\t\t\t<section class=\"elementor-section elementor-inner-section elementor-element elementor-element-29085763 elementor-section-boxed elementor-section-height-default elementor-section-height-default wpr-particle-no wpr-jarallax-no wpr-parallax-no wpr-sticky-section-no\" data-id=\"29085763\" data-element_type=\"section\">\n\t\t\t\t\t\t<div class=\"elementor-container elementor-column-gap-default\">\n\t\t\t\t\t<div class=\"elementor-column elementor-col-100 elementor-inner-column elementor-element elementor-element-7aeaef81\" data-id=\"7aeaef81\" data-element_type=\"column\">\n\t\t\t<div class=\"elementor-widget-wrap elementor-element-populated\">\n\t\t\t\t\t\t\t\t<div class=\"elementor-element elementor-element-2ecab910 elementor-widget elementor-widget-testimonial\" data-id=\"2ecab910\" data-element_type=\"widget\" data-widget_type=\"testimonial.default\">\n\t\t\t\t<div class=\"elementor-widget-container\">\n\t\t\t<style>\/*! elementor - v3.7.7 - 20-09-2022 *\/\n.elementor-testimonial-wrapper{overflow:hidden;text-align:center}.elementor-testimonial-wrapper .elementor-testimonial-content{font-size:1.3em;margin-bottom:20px}.elementor-testimonial-wrapper .elementor-testimonial-name{line-height:1.5;display:block}.elementor-testimonial-wrapper .elementor-testimonial-job{font-size:.85em;display:block}.elementor-testimonial-wrapper .elementor-testimonial-meta{width:100%;line-height:1}.elementor-testimonial-wrapper .elementor-testimonial-meta-inner{display:inline-block}.elementor-testimonial-wrapper .elementor-testimonial-meta .elementor-testimonial-details,.elementor-testimonial-wrapper .elementor-testimonial-meta .elementor-testimonial-image{display:table-cell;vertical-align:middle}.elementor-testimonial-wrapper .elementor-testimonial-meta .elementor-testimonial-image img{width:60px;height:60px;border-radius:50%;-o-object-fit:cover;object-fit:cover;max-width:none}.elementor-testimonial-wrapper .elementor-testimonial-meta.elementor-testimonial-image-position-aside .elementor-testimonial-image{padding-right:15px}.elementor-testimonial-wrapper .elementor-testimonial-meta.elementor-testimonial-image-position-aside .elementor-testimonial-details{text-align:left}.elementor-testimonial-wrapper .elementor-testimonial-meta.elementor-testimonial-image-position-top .elementor-testimonial-details,.elementor-testimonial-wrapper .elementor-testimonial-meta.elementor-testimonial-image-position-top .elementor-testimonial-image{display:block}.elementor-testimonial-wrapper .elementor-testimonial-meta.elementor-testimonial-image-position-top .elementor-testimonial-image{margin-bottom:20px}<\/style>\t\t<div class=\"elementor-testimonial-wrapper\">\n\t\t\t\t\t\t\t<div class=\"elementor-testimonial-content\">SEGUIR INOVANDO EN CUANTO A COLORES,MATERIAL, DISE\u00d1OS, CUIDAR NUESTROS CLIENTES OFRECIENDOLES CALIDAD Y SERVICIOS, OPTIMIZAR NUESTRO RECURSOS, FOMENTAR ALIANZAS ESTRATEGICAS CON NUESTROS PROVEEDORES Y CLIENTES EN BENEFIFICIO DEL CONSUMIDOR Y SOBRE TODO MEJORAR CADA DIA.<\/div>\n\t\t\t\n\t\t\t\t\t\t<div class=\"elementor-testimonial-meta elementor-has-image elementor-testimonial-image-position-aside\">\n\t\t\t\t<div class=\"elementor-testimonial-meta-inner\">\n\t\t\t\t\t\t\t\t\t\t\t<div class=\"elementor-testimonial-image\">\n\t\t\t\t\t\t\t<img loading=\"lazy\" decoding=\"async\" width=\"512\" height=\"512\" src=\"https:\/\/i0.wp.com\/mueblesaguero.com.ar\/wp-content\/uploads\/2021\/10\/cropped-logoEmpresa.jpg?fit=512%2C512&amp;ssl=1\" class=\"attachment-full size-full\" alt=\"\" \/>\t\t\t\t\t\t<\/div>\n\t\t\t\t\t\n\t\t\t\t\t\t\t\t\t\t<div class=\"elementor-testimonial-details\">\n\t\t\t\t\t\t\t\t\t\t\t\t\t\t\t\t\t\t\t\t<div class=\"elementor-testimonial-job\">Muebles Ag\u00fcero<\/div>\n\t\t\t\t\t\t\t\t\t\t\t\t\t<\/div>\n\t\t\t\t\t\t\t\t\t<\/div>\n\t\t\t<\/div>\n\t\t\t\t\t<\/div>\n\t\t\t\t<\/div>\n\t\t\t\t<\/div>\n\t\t\t\t\t<\/div>\n\t\t<\/div>\n\t\t\t\t\t\t\t<\/div>\n\t\t<\/section>\n\t\t\t\t\t<\/div>\n\t\t<\/div>\n\t\t\t\t\t\t\t<\/div>\n\t\t<\/section>\n\t\t\t\t\t\t\t<\/div>\n\t\t","protected":false},"excerpt":{"rendered":"<p>Misi\u00f3n SEGUIR INOVANDO EN CUANTO A COLORES,MATERIAL, DISE\u00d1OS, CUIDAR NUESTROS CLIENTES OFRECIENDOLES CALIDAD Y SERVICIOS, OPTIMIZAR NUESTRO RECURSOS, FOMENTAR ALIANZAS ESTRATEGICAS CON NUESTROS PROVEEDORES Y CLIENTES EN BENEFIFICIO DEL CONSUMIDOR Y SOBRE TODO MEJORAR CADA DIA. Muebles Ag\u00fcero<\/p>\n","protected":false},"author":2,"featured_media":0,"parent":0,"menu_order":0,"comment_status":"closed","ping_status":"closed","template":"elementor_header_footer","meta":{"footnotes":""},"class_list":["post-745","page","type-page","status-publish","hentry"],"yoast_head":"<!-- This site is optimized with the Yoast SEO plugin v19.7.1 - https:\/\/yoast.com\/wordpress\/plugins\/seo\/ -->\n<title>Misi\u00f3n - Muebles Ag\u00fcero<\/title>\n<meta name=\"robots\" content=\"index, follow, max-snippet:-1, max-image-preview:large, max-video-preview:-1\" \/>\n<link rel=\"canonical\" href=\"https:\/\/mueblesaguero.com.ar\/?page_id=745\" \/>\n<meta property=\"og:locale\" content=\"es_ES\" \/>\n<meta property=\"og:type\" content=\"article\" \/>\n<meta property=\"og:title\" content=\"Misi\u00f3n - Muebles Ag\u00fcero\" \/>\n<meta property=\"og:description\" content=\"Misi\u00f3n SEGUIR INOVANDO EN CUANTO A COLORES,MATERIAL, DISE\u00d1OS, CUIDAR NUESTROS CLIENTES OFRECIENDOLES CALIDAD Y SERVICIOS, OPTIMIZAR NUESTRO RECURSOS, FOMENTAR ALIANZAS ESTRATEGICAS CON NUESTROS PROVEEDORES Y CLIENTES EN BENEFIFICIO DEL CONSUMIDOR Y SOBRE TODO MEJORAR CADA DIA. Muebles Ag\u00fcero\" \/>\n<meta property=\"og:url\" content=\"https:\/\/mueblesaguero.com.ar\/?page_id=745\" \/>\n<meta property=\"og:site_name\" content=\"Muebles Ag\u00fcero\" \/>\n<meta property=\"article:modified_time\" content=\"2021-10-22T18:39:06+00:00\" \/>\n<meta property=\"og:image\" content=\"https:\/\/mueblesaguero.com.ar\/wp-content\/uploads\/2021\/10\/cropped-logoEmpresa.jpg\" \/>\n<meta name=\"twitter:card\" content=\"summary_large_image\" \/>\n<meta name=\"twitter:label1\" content=\"Tiempo de lectura\" \/>\n\t<meta name=\"twitter:data1\" content=\"1 minuto\" \/>\n<script type=\"application\/ld+json\" class=\"yoast-schema-graph\">{\"@context\":\"https:\/\/schema.org\",\"@graph\":[{\"@type\":\"WebPage\",\"@id\":\"https:\/\/mueblesaguero.com.ar\/?page_id=745\",\"url\":\"https:\/\/mueblesaguero.com.ar\/?page_id=745\",\"name\":\"Misi\u00f3n - Muebles Ag\u00fcero\",\"isPartOf\":{\"@id\":\"https:\/\/mueblesaguero.com.ar\/#website\"},\"datePublished\":\"2020-10-28T08:10:14+00:00\",\"dateModified\":\"2021-10-22T18:39:06+00:00\",\"breadcrumb\":{\"@id\":\"https:\/\/mueblesaguero.com.ar\/?page_id=745#breadcrumb\"},\"inLanguage\":\"es-AR\",\"potentialAction\":[{\"@type\":\"ReadAction\",\"target\":[\"https:\/\/mueblesaguero.com.ar\/?page_id=745\"]}]},{\"@type\":\"BreadcrumbList\",\"@id\":\"https:\/\/mueblesaguero.com.ar\/?page_id=745#breadcrumb\",\"itemListElement\":[{\"@type\":\"ListItem\",\"position\":1,\"name\":\"Inicio\",\"item\":\"https:\/\/mueblesaguero.com.ar\/\"},{\"@type\":\"ListItem\",\"position\":2,\"name\":\"Misi\u00f3n\"}]},{\"@type\":\"WebSite\",\"@id\":\"https:\/\/mueblesaguero.com.ar\/#website\",\"url\":\"https:\/\/mueblesaguero.com.ar\/\",\"name\":\"Muebles Ag\u00fcero\",\"description\":\"La elecci\u00f3n para tu hogar\",\"potentialAction\":[{\"@type\":\"SearchAction\",\"target\":{\"@type\":\"EntryPoint\",\"urlTemplate\":\"https:\/\/mueblesaguero.com.ar\/?s={search_term_string}\"},\"query-input\":\"required name=search_term_string\"}],\"inLanguage\":\"es-AR\"}]}<\/script>\n<!-- \/ Yoast SEO plugin. -->","yoast_head_json":{"title":"Misi\u00f3n - Muebles Ag\u00fcero","robots":{"index":"index","follow":"follow","max-snippet":"max-snippet:-1","max-image-preview":"max-image-preview:large","max-video-preview":"max-video-preview:-1"},"canonical":"https:\/\/mueblesaguero.com.ar\/?page_id=745","og_locale":"es_ES","og_type":"article","og_title":"Misi\u00f3n - Muebles Ag\u00fcero","og_description":"Misi\u00f3n SEGUIR INOVANDO EN CUANTO A COLORES,MATERIAL, DISE\u00d1OS, CUIDAR NUESTROS CLIENTES OFRECIENDOLES CALIDAD Y SERVICIOS, OPTIMIZAR NUESTRO RECURSOS, FOMENTAR ALIANZAS ESTRATEGICAS CON NUESTROS PROVEEDORES Y CLIENTES EN BENEFIFICIO DEL CONSUMIDOR Y SOBRE TODO MEJORAR CADA DIA. Muebles Ag\u00fcero","og_url":"https:\/\/mueblesaguero.com.ar\/?page_id=745","og_site_name":"Muebles Ag\u00fcero","article_modified_time":"2021-10-22T18:39:06+00:00","og_image":[{"url":"https:\/\/mueblesaguero.com.ar\/wp-content\/uploads\/2021\/10\/cropped-logoEmpresa.jpg"}],"twitter_card":"summary_large_image","twitter_misc":{"Tiempo de lectura":"1 minuto"},"schema":{"@context":"https:\/\/schema.org","@graph":[{"@type":"WebPage","@id":"https:\/\/mueblesaguero.com.ar\/?page_id=745","url":"https:\/\/mueblesaguero.com.ar\/?page_id=745","name":"Misi\u00f3n - Muebles Ag\u00fcero","isPartOf":{"@id":"https:\/\/mueblesaguero.com.ar\/#website"},"datePublished":"2020-10-28T08:10:14+00:00","dateModified":"2021-10-22T18:39:06+00:00","breadcrumb":{"@id":"https:\/\/mueblesaguero.com.ar\/?page_id=745#breadcrumb"},"inLanguage":"es-AR","potentialAction":[{"@type":"ReadAction","target":["https:\/\/mueblesaguero.com.ar\/?page_id=745"]}]},{"@type":"BreadcrumbList","@id":"https:\/\/mueblesaguero.com.ar\/?page_id=745#breadcrumb","itemListElement":[{"@type":"ListItem","position":1,"name":"Inicio","item":"https:\/\/mueblesaguero.com.ar\/"},{"@type":"ListItem","position":2,"name":"Misi\u00f3n"}]},{"@type":"WebSite","@id":"https:\/\/mueblesaguero.com.ar\/#website","url":"https:\/\/mueblesaguero.com.ar\/","name":"Muebles Ag\u00fcero","description":"La elecci\u00f3n para tu hogar","potentialAction":[{"@type":"SearchAction","target":{"@type":"EntryPoint","urlTemplate":"https:\/\/mueblesaguero.com.ar\/?s={search_term_string}"},"query-input":"required name=search_term_string"}],"inLanguage":"es-AR"}]}},"jetpack-related-posts":[],"_links":{"self":[{"href":"https:\/\/mueblesaguero.com.ar\/index.php?rest_route=\/wp\/v2\/pages\/745","targetHints":{"allow":["GET"]}}],"collection":[{"href":"https:\/\/mueblesaguero.com.ar\/index.php?rest_route=\/wp\/v2\/pages"}],"about":[{"href":"https:\/\/mueblesaguero.com.ar\/index.php?rest_route=\/wp\/v2\/types\/page"}],"author":[{"embeddable":true,"href":"https:\/\/mueblesaguero.com.ar\/index.php?rest_route=\/wp\/v2\/users\/2"}],"replies":[{"embeddable":true,"href":"https:\/\/mueblesaguero.com.ar\/index.php?rest_route=%2Fwp%2Fv2%2Fcomments&post=745"}],"version-history":[{"count":5,"href":"https:\/\/mueblesaguero.com.ar\/index.php?rest_route=\/wp\/v2\/pages\/745\/revisions"}],"predecessor-version":[{"id":989,"href":"https:\/\/mueblesaguero.com.ar\/index.php?rest_route=\/wp\/v2\/pages\/745\/revisions\/989"}],"wp:attachment":[{"href":"https:\/\/mueblesaguero.com.ar\/index.php?rest_route=%2Fwp%2Fv2%2Fmedia&parent=745"}],"curies":[{"name":"wp","href":"https:\/\/api.w.org\/{rel}","templated":true}]}}